{"id":605,"date":"2023-11-27T12:45:01","date_gmt":"2023-11-27T12:45:01","guid":{"rendered":"https:\/\/amsainc.kinsta.cloud\/homepage\/"},"modified":"2024-09-26T10:10:35","modified_gmt":"2024-09-26T10:10:35","slug":"homepage","status":"publish","type":"page","link":"https:\/\/amsainc.kinsta.cloud\/es\/","title":{"rendered":"Homepage"},"content":{"rendered":"\n<h2 class=\"wp-block-heading has-text-align-center\">Aplicaciones<\/h2>\n\n\n\n<h6 class=\"wp-block-heading has-text-align-center has-text-color has-link-color wp-elements-2f3a2586201801ff558c2e56605a8f52\" style=\"color:#096eb7\">D\u00f3nde utilizar los productos AMSA<\/h6>\n\n\n\n        <div class=\"pb--80  pb--sm-40\">\n            <div class=\"row justify-content-center mt--40 gap-row-md-30 gutters-sm-xs gap-row-sm-15\">\n                \n<div class=\"col-12 col-sm-6 col-lg-3\">\n    \n     \n        <a href=\"https:\/\/amsainc.kinsta.cloud\/es\/procesar-agua-de-enfriamiento\/\" class=\"application-box\">\n\n             \n                <img loading=\"lazy\" decoding=\"async\" width=\"340\" height=\"344\" src=\"https:\/\/amsainc.kinsta.cloud\/wp-content\/uploads\/2023\/11\/thumb-process-cooling.jpg\" class=\"attachment-large size-large\" alt=\"\" srcset=\"https:\/\/amsainc.kinsta.cloud\/wp-content\/uploads\/2023\/11\/thumb-process-cooling.jpg 340w, https:\/\/amsainc.kinsta.cloud\/wp-content\/uploads\/2023\/11\/thumb-process-cooling-297x300.jpg 297w\" sizes=\"auto, (max-width: 340px) 100vw, 340px\" \/>            \n             \n                <div class=\"application-box__content\">\n                    <h5>Procesar Agua de Enfriamiento<\/h5>                      \n                <\/div>\n            \n             \n                <div class=\"application-box__content--hover\">\n                    <h5>Procesar Agua de Enfriamiento<\/h5>\n\n                     \n                        <p>Logre el m\u00e1ximo intercambio de calor en sistemas de enfriamiento de agua de proceso limpio.<\/p>\n                       \n\n                    <span class=\"btn btn--arrow btn--arrow-right\"><span>Aprende m\u00e1s<\/span><\/span>\n                <\/div>\n                                \n        <\/a>\n    <\/div>\n<div class=\"col-12 col-sm-6 col-lg-3\">\n    \n     \n        <a href=\"https:\/\/amsainc.kinsta.cloud\/es\/comodidad-de-agua-de-enfriamiento\/\" class=\"application-box\">\n\n             \n                <img loading=\"lazy\" decoding=\"async\" width=\"340\" height=\"344\" src=\"https:\/\/amsainc.kinsta.cloud\/wp-content\/uploads\/2023\/11\/thumb-comfort-cooling.jpg\" class=\"attachment-large size-large\" alt=\"\" srcset=\"https:\/\/amsainc.kinsta.cloud\/wp-content\/uploads\/2023\/11\/thumb-comfort-cooling.jpg 340w, https:\/\/amsainc.kinsta.cloud\/wp-content\/uploads\/2023\/11\/thumb-comfort-cooling-297x300.jpg 297w\" sizes=\"auto, (max-width: 340px) 100vw, 340px\" \/>            \n             \n                <div class=\"application-box__content\">\n                    <h5>Comodidad de Agua de Enfriamiento<\/h5>                      \n                <\/div>\n            \n             \n                <div class=\"application-box__content--hover\">\n                    <h5>Comodidad de Agua de Enfriamiento<\/h5>\n\n                     \n                        <p>Logre el m\u00e1ximo intercambio de calor en sistemas de enfriamiento de agua de proceso limpio.<\/p>\n                       \n\n                    <span class=\"btn btn--arrow btn--arrow-right\"><span>Aprende m\u00e1s<\/span><\/span>\n                <\/div>\n                                \n        <\/a>\n    <\/div>\n<div class=\"col-12 col-sm-6 col-lg-3\">\n    \n     \n        <a href=\"https:\/\/amsainc.kinsta.cloud\/es\/control-de-legionela\/\" class=\"application-box\">\n\n             \n                <img loading=\"lazy\" decoding=\"async\" width=\"340\" height=\"344\" src=\"https:\/\/amsainc.kinsta.cloud\/wp-content\/uploads\/2023\/11\/thumb-control.jpg\" class=\"attachment-large size-large\" alt=\"\" srcset=\"https:\/\/amsainc.kinsta.cloud\/wp-content\/uploads\/2023\/11\/thumb-control.jpg 340w, https:\/\/amsainc.kinsta.cloud\/wp-content\/uploads\/2023\/11\/thumb-control-297x300.jpg 297w\" sizes=\"auto, (max-width: 340px) 100vw, 340px\" \/>            \n             \n                <div class=\"application-box__content\">\n                    <h5>Control de Legionela<\/h5>                      \n                <\/div>\n            \n             \n                <div class=\"application-box__content--hover\">\n                    <h5>Control de Legionela<\/h5>\n\n                     \n                        <p>Mantenga recuentos m\u00ednimos de Legionella con su programa de biocidas manteniendo limpias las superficies de su sistema.<\/p>\n                       \n\n                    <span class=\"btn btn--arrow btn--arrow-right\"><span>Aprende m\u00e1s<\/span><\/span>\n                <\/div>\n                                \n        <\/a>\n    <\/div>\n<div class=\"col-12 col-sm-6 col-lg-3\">\n    \n     \n        <a href=\"https:\/\/amsainc.kinsta.cloud\/es\/geotermico\/\" class=\"application-box\">\n\n             \n                <img loading=\"lazy\" decoding=\"async\" width=\"267\" height=\"227\" src=\"https:\/\/amsainc.kinsta.cloud\/wp-content\/uploads\/2023\/12\/sulfur-filled-pipe.jpg\" class=\"attachment-large size-large\" alt=\"\" \/>            \n             \n                <div class=\"application-box__content\">\n                    <h5>Geot\u00e9rmico<\/h5>                      \n                <\/div>\n            \n             \n                <div class=\"application-box__content--hover\">\n                    <h5>Geot\u00e9rmico<\/h5>\n\n                     \n                        <p>Restaurar megavatios de energ\u00eda eliminando las incrustaciones de azufre y manteniendo las torres de enfriamiento geot\u00e9rmicas libres de azufre.<\/p>\n                       \n\n                    <span class=\"btn btn--arrow btn--arrow-right\"><span>Aprende m\u00e1s<\/span><\/span>\n                <\/div>\n                                \n        <\/a>\n    <\/div>            <\/div>\n        <\/div>\n\n    \n\n\n<div class=\"wp-block-group alignfull has-background\" style=\"background-color:#f4f9ff\"><div class=\"wp-block-group__inner-container is-layout-constrained wp-block-group-is-layout-constrained\">\n<div style=\"height:80px\" aria-hidden=\"true\" class=\"wp-block-spacer\"><\/div>\n\n\n\n<h2 class=\"wp-block-heading has-text-align-center\">Problema &amp; Soluci\u00f3n<\/h2>\n\n\n\n<h6 class=\"wp-block-heading has-text-align-center has-text-color has-link-color wp-elements-12aa7d58167853d98c7358716b988b12\" style=\"color:#096eb7\">La biopel\u00edcula es fundamental para muchos problemas de corrosi\u00f3n y transferencia de calor<\/h6>\n\n\n\n<div style=\"height:30px\" aria-hidden=\"true\" class=\"wp-block-spacer\"><\/div>\n\n\n\n<div class=\"wp-block-columns alignwide align-items-center is-layout-flex wp-container-core-columns-is-layout-9d6595d7 wp-block-columns-is-layout-flex\">\n<div class=\"wp-block-column is-layout-flow wp-block-column-is-layout-flow\">\n<figure class=\"wp-block-image size-full\"><img loading=\"lazy\" decoding=\"async\" width=\"570\" height=\"458\" src=\"https:\/\/amsainc.kinsta.cloud\/wp-content\/uploads\/2023\/11\/problems-img.jpg\" alt=\"\" class=\"wp-image-139\" srcset=\"https:\/\/amsainc.kinsta.cloud\/wp-content\/uploads\/2023\/11\/problems-img.jpg 570w, https:\/\/amsainc.kinsta.cloud\/wp-content\/uploads\/2023\/11\/problems-img-300x241.jpg 300w\" sizes=\"auto, (max-width: 570px) 100vw, 570px\" \/><\/figure>\n<\/div>\n\n\n\n<div class=\"wp-block-column is-layout-flow wp-block-column-is-layout-flow\">\n<p>La corrosi\u00f3n influenciada por microbios es una forma especial y dif\u00edcil de controlar de contaminaci\u00f3n del sistema de agua de refrigeraci\u00f3n. Mantener un programa de control de biopel\u00edculas eficaz es clave para el tratamiento de aguas industriales.<\/p>\n\n\n\n<h4 class=\"wp-block-heading\">Superficies libres de biopel\u00edcula<\/h4>\n\n\n\n<div class=\"wp-block-columns checklist is-layout-flex wp-container-core-columns-is-layout-9d6595d7 wp-block-columns-is-layout-flex\">\n<div class=\"wp-block-column is-layout-flow wp-block-column-is-layout-flow\">\n<ul class=\"wp-block-list\">\n<li>Son menos susceptibles a la corrosi\u00f3n inducida microbianamente (MIC).<\/li>\n\n\n\n<li>Son m\u00e1s accesibles a los inhibidores de corrosi\u00f3n e incrustaciones.<\/li>\n<\/ul>\n<\/div>\n\n\n\n<div class=\"wp-block-column is-layout-flow wp-block-column-is-layout-flow\">\n<ul class=\"wp-block-list\">\n<li>Son menos propensos a albergar pat\u00f3genos como Legionella pneumophila.<\/li>\n\n\n\n<li>Proporcionar una transferencia de calor m\u00e1s eficiente en las superficies del intercambiador.<\/li>\n<\/ul>\n<\/div>\n<\/div>\n\n\n\n<div class=\"wp-block-buttons is-layout-flex wp-block-buttons-is-layout-flex\">\n<div class=\"wp-block-button\"><a class=\"wp-block-button__link wp-element-button\" href=\"https:\/\/amsainc.kinsta.cloud\/legionella-control-programs\/\" ><span class=\"wp-block-button__text\">Leer m\u00e1s<\/span><\/a><\/div>\n<\/div>\n<\/div>\n<\/div>\n\n\n\n<div style=\"height:50px\" aria-hidden=\"true\" class=\"wp-block-spacer\"><\/div>\n\n\n\n<div class=\"wp-block-columns alignwide align-items-center is-layout-flex wp-container-core-columns-is-layout-9d6595d7 wp-block-columns-is-layout-flex\">\n<div class=\"wp-block-column is-layout-flow wp-block-column-is-layout-flow\">\n<h4 class=\"wp-block-heading\">Programa de Control de Biopel\u00edculas de AMSA<\/h4>\n\n\n\n<p>El uso de la qu\u00edmica BCP\u00ae de AMSA contribuye a programas efectivos de control de biopel\u00edculas que mejoran sustancialmente el tratamiento de aguas industriales.<\/p>\n\n\n\n<h6 class=\"wp-block-heading mb--0 has-text-color has-link-color wp-elements-f044da72665c0a6bbb9a6232366d4316\" style=\"color:#434242\"><strong class=\"fw--semibold\">Mire el v\u00eddeo para saber c\u00f3mo funcionan nuestros productos<\/strong><\/h6>\n<\/div>\n\n\n\n<div class=\"wp-block-column is-layout-flow wp-block-column-is-layout-flow\">    <div class=\"video-wrapper\">\n        <a href=\"https:\/\/www.youtube.com\/embed\/VP1epPKA2nE\" data-fancybox data-type=\"video\" class=\"d-block\" style=\"background-image:url(https:\/\/amsainc.kinsta.cloud\/wp-content\/uploads\/2024\/01\/video-thumb-blur.png)\" id=\"play-button1\">\n            <div class=\"video-icon\">\n                <img loading=\"lazy\" decoding=\"async\" src=\"https:\/\/amsainc.kinsta.cloud\/wp-content\/themes\/amsainc\/assets\/images\/icon-play.svg\" alt=\"Play button.\" width=\"88\" height=\"88\">\n            <\/div>\n        <\/a>\n    <\/div>\n<\/div>\n<\/div>\n\n\n\n<div style=\"height:80px\" aria-hidden=\"true\" class=\"wp-block-spacer\"><\/div>\n<\/div><\/div>\n\n\n\n<div style=\"height:40px\" aria-hidden=\"true\" class=\"wp-block-spacer\"><\/div>\n\n\n\n<h2 class=\"wp-block-heading has-text-align-center\">Apoyo<\/h2>\n\n\n\n<h6 class=\"wp-block-heading has-text-align-center has-text-color has-link-color wp-elements-2998a596d01187be289ff1ae0bc81d0d\" style=\"color:#096eb7\">Soporte &amp; Servicios<\/h6>\n\n\n\n        <div class=\"container--xs pb--50 pb--sm-40\">\n            <div class=\"row justify-content-center mt--40 gap-row-md-30 gutters-sm-xs gap-row-sm-15\">\n                <div class=\"col-12 col-sm-6 mb--xs-15\">\n     \n        <a href=\"https:\/\/amsainc.kinsta.cloud\/es\/soporte-tecnico-al-cliente\/\" class=\"support-box\">\n             \n                <div class=\"support-box__img\">\n                    <img loading=\"lazy\" decoding=\"async\" width=\"465\" height=\"250\" src=\"https:\/\/amsainc.kinsta.cloud\/wp-content\/uploads\/2023\/11\/techincal-customer.jpg\" class=\"attachment-full size-full\" alt=\"\" srcset=\"https:\/\/amsainc.kinsta.cloud\/wp-content\/uploads\/2023\/11\/techincal-customer.jpg 465w, https:\/\/amsainc.kinsta.cloud\/wp-content\/uploads\/2023\/11\/techincal-customer-300x161.jpg 300w\" sizes=\"auto, (max-width: 465px) 100vw, 465px\" \/>                <\/div>\n            \n             \n                <div class=\"support-box__content\">\n                    <h5>Soporte T\u00e9cnico al Cliente<\/h5>\n\n                     \n                        <p>AMSA provides free technical customer support for dosing our products and optimizing treatment programs with AMSA chemistry.<\/p>\n                       \n\n                    <span class=\"btn btn--arrow btn--arrow-right btn--arrow-right--black\"><span>Aprende m\u00e1s<\/span><\/span>\n                <\/div>\n                                \n        <\/a>                \n    <\/div><div class=\"col-12 col-sm-6 mb--xs-15\">\n     \n        <a href=\"https:\/\/amsainc.kinsta.cloud\/es\/servicios-complementarios\/\" class=\"support-box\">\n             \n                <div class=\"support-box__img\">\n                    <img loading=\"lazy\" decoding=\"async\" width=\"465\" height=\"250\" src=\"https:\/\/amsainc.kinsta.cloud\/wp-content\/uploads\/2023\/11\/complimentary-services.jpg\" class=\"attachment-full size-full\" alt=\"\" srcset=\"https:\/\/amsainc.kinsta.cloud\/wp-content\/uploads\/2023\/11\/complimentary-services.jpg 465w, https:\/\/amsainc.kinsta.cloud\/wp-content\/uploads\/2023\/11\/complimentary-services-300x161.jpg 300w\" sizes=\"auto, (max-width: 465px) 100vw, 465px\" \/>                <\/div>\n            \n             \n                <div class=\"support-box__content\">\n                    <h5>Servicios Complementarios<\/h5>\n\n                     \n                        <p>AMSA makes is easy to purchase and incorporate AMSA products into your product line.\r\n<\/p>\n                       \n\n                    <span class=\"btn btn--arrow btn--arrow-right btn--arrow-right--black\"><span>Aprende m\u00e1s<\/span><\/span>\n                <\/div>\n                                \n        <\/a>                \n    <\/div>            <\/div>\n        <\/div>\n\n    ","protected":false},"excerpt":{"rendered":"<p>Aplicaciones D\u00f3nde utilizar los productos AMSA Problema &amp; Soluci\u00f3n La biopel\u00edcula es fundamental para muchos problemas de corrosi\u00f3n y transferencia de calor La corrosi\u00f3n influenciada por microbios es una forma especial y dif\u00edcil de controlar de contaminaci\u00f3n del sistema de agua de refrigeraci\u00f3n. Mantener un programa de control de biopel\u00edculas eficaz es clave para el [&hellip;]<\/p>\n","protected":false},"author":1,"featured_media":0,"parent":0,"menu_order":0,"comment_status":"closed","ping_status":"closed","template":"page-templates\/home.php","meta":{"_acf_changed":false,"_eb_attr":"","_eb_data_table":"","_genesis_hide_title":false,"_genesis_hide_breadcrumbs":false,"_genesis_hide_singular_image":false,"_genesis_hide_footer_widgets":false,"_genesis_custom_body_class":"","_genesis_custom_post_class":"","_genesis_layout":"","footnotes":""},"page_category":[],"class_list":{"0":"post-605","1":"page","2":"type-page","3":"status-publish","5":"entry"},"acf":[],"yoast_head":"<!-- This site is optimized with the Yoast SEO plugin v24.2 - https:\/\/yoast.com\/wordpress\/plugins\/seo\/ -->\n<title>Homepage - AMSA, Inc.<\/title>\n<meta name=\"robots\" content=\"noindex, follow, max-snippet:-1, max-image-preview:large, max-video-preview:-1\" \/>\n<meta property=\"og:locale\" content=\"es_ES\" \/>\n<meta property=\"og:type\" content=\"article\" \/>\n<meta property=\"og:title\" content=\"Homepage - AMSA, Inc.\" \/>\n<meta property=\"og:description\" content=\"Aplicaciones D\u00f3nde utilizar los productos AMSA Problema &amp; Soluci\u00f3n La biopel\u00edcula es fundamental para muchos problemas de corrosi\u00f3n y transferencia de calor La corrosi\u00f3n influenciada por microbios es una forma especial y dif\u00edcil de controlar de contaminaci\u00f3n del sistema de agua de refrigeraci\u00f3n. Mantener un programa de control de biopel\u00edculas eficaz es clave para el [&hellip;]\" \/>\n<meta property=\"og:url\" content=\"https:\/\/amsainc.kinsta.cloud\/es\/\" \/>\n<meta property=\"og:site_name\" content=\"AMSA, Inc.\" \/>\n<meta property=\"article:modified_time\" content=\"2024-09-26T10:10:35+00:00\" \/>\n<meta property=\"og:image\" content=\"https:\/\/amsainc.kinsta.cloud\/wp-content\/uploads\/2023\/11\/problems-img.jpg\" \/>\n<meta name=\"twitter:card\" content=\"summary_large_image\" \/>\n<meta name=\"twitter:label1\" content=\"Est. reading time\" \/>\n\t<meta name=\"twitter:data1\" content=\"2 minutes\" \/>\n<script type=\"application\/ld+json\" class=\"yoast-schema-graph\">{\"@context\":\"https:\/\/schema.org\",\"@graph\":[{\"@type\":\"WebPage\",\"@id\":\"https:\/\/amsainc.kinsta.cloud\/es\/\",\"url\":\"https:\/\/amsainc.kinsta.cloud\/es\/\",\"name\":\"Homepage - AMSA, Inc.\",\"isPartOf\":{\"@id\":\"https:\/\/amsainc.kinsta.cloud\/es\/#website\"},\"primaryImageOfPage\":{\"@id\":\"https:\/\/amsainc.kinsta.cloud\/es\/#primaryimage\"},\"image\":{\"@id\":\"https:\/\/amsainc.kinsta.cloud\/es\/#primaryimage\"},\"thumbnailUrl\":\"https:\/\/amsainc.kinsta.cloud\/wp-content\/uploads\/2023\/11\/problems-img.jpg\",\"datePublished\":\"2023-11-27T12:45:01+00:00\",\"dateModified\":\"2024-09-26T10:10:35+00:00\",\"breadcrumb\":{\"@id\":\"https:\/\/amsainc.kinsta.cloud\/es\/#breadcrumb\"},\"inLanguage\":\"es-ES\",\"potentialAction\":[{\"@type\":\"ReadAction\",\"target\":[\"https:\/\/amsainc.kinsta.cloud\/es\/\"]}]},{\"@type\":\"ImageObject\",\"inLanguage\":\"es-ES\",\"@id\":\"https:\/\/amsainc.kinsta.cloud\/es\/#primaryimage\",\"url\":\"https:\/\/amsainc.kinsta.cloud\/wp-content\/uploads\/2023\/11\/problems-img.jpg\",\"contentUrl\":\"https:\/\/amsainc.kinsta.cloud\/wp-content\/uploads\/2023\/11\/problems-img.jpg\"},{\"@type\":\"BreadcrumbList\",\"@id\":\"https:\/\/amsainc.kinsta.cloud\/es\/#breadcrumb\",\"itemListElement\":[{\"@type\":\"ListItem\",\"position\":1,\"name\":\"Home\",\"item\":\"https:\/\/amsainc.kinsta.cloud\/es\/\"},{\"@type\":\"ListItem\",\"position\":2,\"name\":\"Homepage\"}]},{\"@type\":\"WebSite\",\"@id\":\"https:\/\/amsainc.kinsta.cloud\/es\/#website\",\"url\":\"https:\/\/amsainc.kinsta.cloud\/es\/\",\"name\":\"AMSA Inc\",\"description\":\"A Chemical Manufacturing Company\",\"publisher\":{\"@id\":\"https:\/\/amsainc.kinsta.cloud\/es\/#organization\"},\"potentialAction\":[{\"@type\":\"SearchAction\",\"target\":{\"@type\":\"EntryPoint\",\"urlTemplate\":\"https:\/\/amsainc.kinsta.cloud\/es\/?s={search_term_string}\"},\"query-input\":{\"@type\":\"PropertyValueSpecification\",\"valueRequired\":true,\"valueName\":\"search_term_string\"}}],\"inLanguage\":\"es-ES\"},{\"@type\":\"Organization\",\"@id\":\"https:\/\/amsainc.kinsta.cloud\/es\/#organization\",\"name\":\"AMSA Inc\",\"url\":\"https:\/\/amsainc.kinsta.cloud\/es\/\",\"logo\":{\"@type\":\"ImageObject\",\"inLanguage\":\"es-ES\",\"@id\":\"https:\/\/amsainc.kinsta.cloud\/es\/#\/schema\/logo\/image\/\",\"url\":\"https:\/\/amsainc.kinsta.cloud\/wp-content\/uploads\/2024\/02\/amsa-logo.svg\",\"contentUrl\":\"https:\/\/amsainc.kinsta.cloud\/wp-content\/uploads\/2024\/02\/amsa-logo.svg\",\"caption\":\"AMSA Inc\"},\"image\":{\"@id\":\"https:\/\/amsainc.kinsta.cloud\/es\/#\/schema\/logo\/image\/\"}}]}<\/script>\n<!-- \/ Yoast SEO plugin. -->","yoast_head_json":{"title":"Homepage - AMSA, Inc.","robots":{"index":"noindex","follow":"follow","max-snippet":"max-snippet:-1","max-image-preview":"max-image-preview:large","max-video-preview":"max-video-preview:-1"},"og_locale":"es_ES","og_type":"article","og_title":"Homepage - AMSA, Inc.","og_description":"Aplicaciones D\u00f3nde utilizar los productos AMSA Problema &amp; Soluci\u00f3n La biopel\u00edcula es fundamental para muchos problemas de corrosi\u00f3n y transferencia de calor La corrosi\u00f3n influenciada por microbios es una forma especial y dif\u00edcil de controlar de contaminaci\u00f3n del sistema de agua de refrigeraci\u00f3n. Mantener un programa de control de biopel\u00edculas eficaz es clave para el [&hellip;]","og_url":"https:\/\/amsainc.kinsta.cloud\/es\/","og_site_name":"AMSA, Inc.","article_modified_time":"2024-09-26T10:10:35+00:00","og_image":[{"url":"https:\/\/amsainc.kinsta.cloud\/wp-content\/uploads\/2023\/11\/problems-img.jpg","type":"","width":"","height":""}],"twitter_card":"summary_large_image","twitter_misc":{"Est. reading time":"2 minutes"},"schema":{"@context":"https:\/\/schema.org","@graph":[{"@type":"WebPage","@id":"https:\/\/amsainc.kinsta.cloud\/es\/","url":"https:\/\/amsainc.kinsta.cloud\/es\/","name":"Homepage - AMSA, Inc.","isPartOf":{"@id":"https:\/\/amsainc.kinsta.cloud\/es\/#website"},"primaryImageOfPage":{"@id":"https:\/\/amsainc.kinsta.cloud\/es\/#primaryimage"},"image":{"@id":"https:\/\/amsainc.kinsta.cloud\/es\/#primaryimage"},"thumbnailUrl":"https:\/\/amsainc.kinsta.cloud\/wp-content\/uploads\/2023\/11\/problems-img.jpg","datePublished":"2023-11-27T12:45:01+00:00","dateModified":"2024-09-26T10:10:35+00:00","breadcrumb":{"@id":"https:\/\/amsainc.kinsta.cloud\/es\/#breadcrumb"},"inLanguage":"es-ES","potentialAction":[{"@type":"ReadAction","target":["https:\/\/amsainc.kinsta.cloud\/es\/"]}]},{"@type":"ImageObject","inLanguage":"es-ES","@id":"https:\/\/amsainc.kinsta.cloud\/es\/#primaryimage","url":"https:\/\/amsainc.kinsta.cloud\/wp-content\/uploads\/2023\/11\/problems-img.jpg","contentUrl":"https:\/\/amsainc.kinsta.cloud\/wp-content\/uploads\/2023\/11\/problems-img.jpg"},{"@type":"BreadcrumbList","@id":"https:\/\/amsainc.kinsta.cloud\/es\/#breadcrumb","itemListElement":[{"@type":"ListItem","position":1,"name":"Home","item":"https:\/\/amsainc.kinsta.cloud\/es\/"},{"@type":"ListItem","position":2,"name":"Homepage"}]},{"@type":"WebSite","@id":"https:\/\/amsainc.kinsta.cloud\/es\/#website","url":"https:\/\/amsainc.kinsta.cloud\/es\/","name":"AMSA Inc","description":"A Chemical Manufacturing Company","publisher":{"@id":"https:\/\/amsainc.kinsta.cloud\/es\/#organization"},"potentialAction":[{"@type":"SearchAction","target":{"@type":"EntryPoint","urlTemplate":"https:\/\/amsainc.kinsta.cloud\/es\/?s={search_term_string}"},"query-input":{"@type":"PropertyValueSpecification","valueRequired":true,"valueName":"search_term_string"}}],"inLanguage":"es-ES"},{"@type":"Organization","@id":"https:\/\/amsainc.kinsta.cloud\/es\/#organization","name":"AMSA Inc","url":"https:\/\/amsainc.kinsta.cloud\/es\/","logo":{"@type":"ImageObject","inLanguage":"es-ES","@id":"https:\/\/amsainc.kinsta.cloud\/es\/#\/schema\/logo\/image\/","url":"https:\/\/amsainc.kinsta.cloud\/wp-content\/uploads\/2024\/02\/amsa-logo.svg","contentUrl":"https:\/\/amsainc.kinsta.cloud\/wp-content\/uploads\/2024\/02\/amsa-logo.svg","caption":"AMSA Inc"},"image":{"@id":"https:\/\/amsainc.kinsta.cloud\/es\/#\/schema\/logo\/image\/"}}]}},"_links":{"self":[{"href":"https:\/\/amsainc.kinsta.cloud\/es\/wp-json\/wp\/v2\/pages\/605","targetHints":{"allow":["GET"]}}],"collection":[{"href":"https:\/\/amsainc.kinsta.cloud\/es\/wp-json\/wp\/v2\/pages"}],"about":[{"href":"https:\/\/amsainc.kinsta.cloud\/es\/wp-json\/wp\/v2\/types\/page"}],"author":[{"embeddable":true,"href":"https:\/\/amsainc.kinsta.cloud\/es\/wp-json\/wp\/v2\/users\/1"}],"replies":[{"embeddable":true,"href":"https:\/\/amsainc.kinsta.cloud\/es\/wp-json\/wp\/v2\/comments?post=605"}],"version-history":[{"count":51,"href":"https:\/\/amsainc.kinsta.cloud\/es\/wp-json\/wp\/v2\/pages\/605\/revisions"}],"predecessor-version":[{"id":8104,"href":"https:\/\/amsainc.kinsta.cloud\/es\/wp-json\/wp\/v2\/pages\/605\/revisions\/8104"}],"wp:attachment":[{"href":"https:\/\/amsainc.kinsta.cloud\/es\/wp-json\/wp\/v2\/media?parent=605"}],"wp:term":[{"taxonomy":"page_category","embeddable":true,"href":"https:\/\/amsainc.kinsta.cloud\/es\/wp-json\/wp\/v2\/page_category?post=605"}],"curies":[{"name":"wp","href":"https:\/\/api.w.org\/{rel}","templated":true}]}}